{"id":17,"date":"2018-05-14T11:25:13","date_gmt":"2018-05-14T09:25:13","guid":{"rendered":"https:\/\/stussamfluss.de\/?page_id=17"},"modified":"2018-05-14T11:25:13","modified_gmt":"2018-05-14T09:25:13","slug":"die-idee-2","status":"publish","type":"page","link":"https:\/\/stussamfluss.de\/2018\/die-idee-2\/","title":{"rendered":"Die Idee"},"content":{"rendered":"<p>3 Vereine und zahlreiche Unterst\u00fctzer_Innen wollen ein Sommer-Festival der ganz besonderen Art veranstalten. Als am <a href=\"http:\/\/www.muggefug.de\/?event=20-jahre-mucheze\" target=\"_blank\" rel=\"noopener\">06.09.2014<\/a> der Studierendenclub <a href=\"https:\/\/stussamfluss2016.wordpress.com\/2016\/03\/05\/muggefug\/\" target=\"_blank\" rel=\"noopener\">Muggefug e.V.<\/a>, der st\u00e4dtische Jugendclub <a href=\"https:\/\/www.facebook.com\/Chekov.Cottbus\/\">Chekov<\/a> und der Verein f\u00fcr ein multikulturelles Europa e.V., der Tr\u00e4gerverein des Hausprojekts <a href=\"http:\/\/zelle79.blogspot.de\/\">Zelle 79<\/a>, zusammen ihren jeweils <a href=\"http:\/\/www.muggefug.de\/wp-content\/uploads\/2014\/07\/plakat-affen-mit-schrift.jpg\" target=\"_blank\" rel=\"noopener\">20. Geburtstag<\/a> feierten, gelang dies mit dem <i><a href=\"http:\/\/www.muggefug.de\/wp-content\/uploads\/2014\/07\/Flyer-MuCheZe-ohne-Rand-mittel1.jpg\" target=\"_blank\" rel=\"noopener\">MuCheZe <\/a><\/i>das erste Mal. \u00dcber 600 Leute aus Cottbus und Umgebung feierten einen Tag und eine Nacht ausgelassen zusammen und verst\u00e4ndigten sich bald danach auf eine Wiederholung. So geschehen im September 2015, dieses mal als \u201e<a href=\"https:\/\/www.facebook.com\/events\/1465852150376572\" target=\"_blank\" rel=\"noopener\">Stuss am Fluss<\/a>\u201c getarnt und unter dem Motto \u201eMit Sinn, den niemand Verstand\u201c.<\/p>\n<p>Seitdem wurde sich jedes Jahr wieder gesagt: das hat so gefetzt, das machen wir nochmal! Wir werden wieder alle Urlaub, Schwei\u00df und Nerven investieren. <a href=\"https:\/\/stussamfluss2016.wordpress.com\/category\/kooperationspartner\/\" target=\"_blank\" rel=\"noopener\">Zahlreiche Vereine und Gruppen der Stadt Cottbus<\/a> haben bereits ihre aktive Unterst\u00fctzung angek\u00fcndigt und zugesichert. Es soll wieder zahlreiche St\u00e4nde mit verschiedensten Workshops geben. Dazu sind informative Vortr\u00e4ge, Workshops und Filme geplant. Die Verpflegung wird von vegan bis Curry-Wurst gesichert sein. Beschallt wird mensch von Live-Musik und DJ_anes, die gekonnt die H\u00e4lfte aller Noten dieser Welt halbwegs abdecken. Es wird also wieder ein Sause f\u00fcr alle. Non-kommerziell, ohne Eintritt, aber mit Bespa\u00dfung f\u00fcr alle zwischen 0 und 99.<\/p>\n","protected":false},"excerpt":{"rendered":"<p>3 Vereine und zahlreiche Unterst\u00fctzer_Innen wollen ein Sommer-Festival der ganz besonderen Art veranstalten. Als am 06.09.2014 der Studierendenclub Muggefug e.V., der st\u00e4dtische Jugendclub Chekov und der Verein f\u00fcr ein multikulturelles Europa e.V., der Tr\u00e4gerverein des Hausprojekts Zelle 79, zusammen ihren<\/p>\n","protected":false},"author":2,"featured_media":0,"parent":0,"menu_order":0,"comment_status":"closed","ping_status":"closed","template":"","meta":[],"_links":{"self":[{"href":"https:\/\/stussamfluss.de\/2018\/wp-json\/wp\/v2\/pages\/17"}],"collection":[{"href":"https:\/\/stussamfluss.de\/2018\/wp-json\/wp\/v2\/pages"}],"about":[{"href":"https:\/\/stussamfluss.de\/2018\/wp-json\/wp\/v2\/types\/page"}],"author":[{"embeddable":true,"href":"https:\/\/stussamfluss.de\/2018\/wp-json\/wp\/v2\/users\/2"}],"replies":[{"embeddable":true,"href":"https:\/\/stussamfluss.de\/2018\/wp-json\/wp\/v2\/comments?post=17"}],"version-history":[{"count":1,"href":"https:\/\/stussamfluss.de\/2018\/wp-json\/wp\/v2\/pages\/17\/revisions"}],"predecessor-version":[{"id":54,"href":"https:\/\/stussamfluss.de\/2018\/wp-json\/wp\/v2\/pages\/17\/revisions\/54"}],"wp:attachment":[{"href":"https:\/\/stussamfluss.de\/2018\/wp-json\/wp\/v2\/media?parent=17"}],"curies":[{"name":"wp","href":"https:\/\/api.w.org\/{rel}","templated":true}]}}