{"id":24,"date":"2018-06-04T11:37:25","date_gmt":"2018-06-04T09:37:25","guid":{"rendered":"https:\/\/stussamfluss.de\/?page_id=24"},"modified":"2019-05-14T23:21:37","modified_gmt":"2019-05-14T21:21:37","slug":"die-musik-2","status":"publish","type":"page","link":"https:\/\/stussamfluss.de\/2018\/die-musik-2\/","title":{"rendered":"Die Musik"},"content":{"rendered":"<p>Hier findet ihr alle Acts, die unsere Hauptb\u00fchne und das Chekov bezaubern werden. Ein-zwei Kombos kommen noch dazu, seid excited! Das is von der Awesomeness her schon echt heftig hier!<\/p>\n<p><strong>Stixonspeed<\/strong><br \/>\n<img loading=\"lazy\" src=\"https:\/\/stussamfluss.de\/2018\/wp-content\/uploads\/sites\/2\/2018\/06\/Stixonspeed-Fotoklein-1-300x200.jpg\" alt=\"\" width=\"300\" height=\"200\" class=\"alignnone size-medium wp-image-135\" srcset=\"https:\/\/stussamfluss.de\/2018\/wp-content\/uploads\/sites\/2\/2018\/06\/Stixonspeed-Fotoklein-1-300x200.jpg 300w, https:\/\/stussamfluss.de\/2018\/wp-content\/uploads\/sites\/2\/2018\/06\/Stixonspeed-Fotoklein-1-768x513.jpg 768w, https:\/\/stussamfluss.de\/2018\/wp-content\/uploads\/sites\/2\/2018\/06\/Stixonspeed-Fotoklein-1-1024x684.jpg 1024w, https:\/\/stussamfluss.de\/2018\/wp-content\/uploads\/sites\/2\/2018\/06\/Stixonspeed-Fotoklein-1.jpg 1396w\" sizes=\"(max-width: 300px) 100vw, 300px\" \/><br \/>\nSTIXONSPEED ist das neue Action-Drum&#038;Bass Projekt des Berliner Jungle-Drummers Jan \u201eStix\u201c Pfennig. Der Ex-SIDO Schlagzeuger machte erstmals im Sommer 2017 die Stra\u00dfen, Parks und Clubs Berlins unsicher. Bei seinen spontanen Stra\u00dfenparties bilden sich begeisterte und tanzende Menschenmengen um sein eigenwillig aufgebautes Drumset, das er mit einer virtuosen und visuell einmaligen Spieltechnik bearbeitet. Sein Mix aus live gespieltem 178 Bpm-Action-Drumming, treibenden B\u00e4ssen und melodi\u00f6sen Vocal-Parts geht direkt ins Bein und l\u00e4sst niemanden ruhig stehen.<br \/>\nDas bekam auch die Band Irie Revoltes mit, die STIXONSPEED spontan auf ihre gro\u00dfe, ausverkaufte Deutschland-Tour als Support-Act mitnahmen und auf der er die Massen mit seinen treibenden Reggae-Drum&#038;Bass- Remixen der Band begeisterte.<br \/>\n\u201eIch will die Menschen zum tanzen und abgehen bringen &#8211; Lets have fun!\u201c so das Motto des Action-Drummers STIXONSPEED.<\/p>\n<p>https:\/\/www.janpfennig.com\/stixonspeed<\/p>\n<p><strong>Guts Pie Earshot<\/strong><br \/>\n<img loading=\"lazy\" src=\"https:\/\/stussamfluss.de\/2018\/wp-content\/uploads\/sites\/2\/2018\/06\/BlogHeaderklein-300x200.jpg\" alt=\"\" width=\"300\" height=\"200\" class=\"alignnone size-medium wp-image-139\" srcset=\"https:\/\/stussamfluss.de\/2018\/wp-content\/uploads\/sites\/2\/2018\/06\/BlogHeaderklein-300x200.jpg 300w, https:\/\/stussamfluss.de\/2018\/wp-content\/uploads\/sites\/2\/2018\/06\/BlogHeaderklein-768x512.jpg 768w, https:\/\/stussamfluss.de\/2018\/wp-content\/uploads\/sites\/2\/2018\/06\/BlogHeaderklein-1024x682.jpg 1024w, https:\/\/stussamfluss.de\/2018\/wp-content\/uploads\/sites\/2\/2018\/06\/BlogHeaderklein.jpg 1568w\" sizes=\"(max-width: 300px) 100vw, 300px\" \/><br \/>\nUrspr\u00fcnglich aus der Punkszene stammend, wurden GUTS PIE EARSHOT in den 90er<br \/>\nJahren schon &#8211; damals mit mehr Mitgliedern &#8211; als Avantgarde-Legende des undogmatischen<br \/>\nHardcore auf unz\u00e4hligen Festivals und Konzerten gefeiert.<br \/>\nSie haben eine vielschichtige Konsens-Fanbase geschaffen wie sonst nur wenige Bands<br \/>\nund z\u00e4hlen zu einer der innovativsten Bands der alternativen Musikszene Deutschlands.<br \/>\nDas Konzept ihrer Konzerte bzw. der Aufbau ihrer St\u00fccke hebt die klassischen Grenzen<br \/>\nzwischen Live-Konzert und Party aus den Angeln und bezieht sich vom Set her eher auf die<br \/>\nDJ Party-Kultur. Und so ist die gr\u00f6sste Leistung, die das Duo an seinen schweisstreibenden<br \/>\nKonzerten vollbringt, Weltmusik- Anh\u00e4nger mit Punks zu vers\u00f6hnen und Metal-Fans ebenso<br \/>\nMan l\u00e4sst sich treiben wie auf einer Techno-Party, pogt wie auf einem Punk-Konzert oder<br \/>\nsieht fasziniert zu, wie der Cellist seinem Instrument gleichermassen diese luftigen wie<br \/>\ndr\u00f6hnigen Klangfarben zu entlocken weiss, w\u00e4hrend der Schlagzeuger am Rande des<br \/>\nMenschenm\u00f6glichen explodierende Breakbeats in rasenden Geschwindigkeiten<br \/>\nherbeipr\u00fcgelt.<\/p>\n<p>http:\/\/gutspieearshot.de\/<\/p>\n<p><strong>Jam Connection<\/strong><br \/>\n<img loading=\"lazy\" src=\"https:\/\/stussamfluss.de\/2018\/wp-content\/uploads\/sites\/2\/2018\/06\/JamConnectionklein-199x300.jpg\" alt=\"\" width=\"199\" height=\"300\" class=\"alignnone size-medium wp-image-141\" srcset=\"https:\/\/stussamfluss.de\/2018\/wp-content\/uploads\/sites\/2\/2018\/06\/JamConnectionklein-199x300.jpg 199w, https:\/\/stussamfluss.de\/2018\/wp-content\/uploads\/sites\/2\/2018\/06\/JamConnectionklein-768x1160.jpg 768w, https:\/\/stussamfluss.de\/2018\/wp-content\/uploads\/sites\/2\/2018\/06\/JamConnectionklein-678x1024.jpg 678w, https:\/\/stussamfluss.de\/2018\/wp-content\/uploads\/sites\/2\/2018\/06\/JamConnectionklein.jpg 911w\" sizes=\"(max-width: 199px) 100vw, 199px\" \/><br \/>\nAlles begann in Berlin-Kreuzberg. Schon vor vielen vielen Jahren&#8230; Seitdem wurde in den zehn K\u00f6pfen des Funk- und Soul-Monsters JAM CONNECTION eine Stimme lauter: &#8222;Spread the Funk!&#8220;<br \/>\nAnf\u00e4nglich war es nur ein kleines Wispern &#8211; es schwoll zu einem donnernden Gebr\u00fcll an und die fetten Grooves, brachialen Bl\u00e4sers\u00e4tze und improvisations-versessenen Arrangements fallen inzwischen nicht nur \u00fcber Berliner Clubs her. Angefacht von souligen Vocals spielen sie alles was dreckig ist und zum Schwitzen bringt: von Deep-Funk \u00fcber Soul bis hin zu Hypertonical-Monster-Jive-Grooves.<br \/>\nDas unb\u00e4ndige Wesen macht sich auf in die Welt, um seine Fanfarensalven mit bet\u00f6rendem Funk und fesselndem Soul zu verteilen, um K\u00f6rper und Seele derer zu reinigen, die furchtlos sind und am verwegensten tanzen. So get yourself ready &#8218;cause here comes the FUNK!!!<\/p>\n<p>http:\/\/www.jam-connection.de\/<\/p>\n<p><strong>Lari und die Pausenmusik<\/strong><br \/>\n<img loading=\"lazy\" src=\"https:\/\/stussamfluss.de\/2018\/wp-content\/uploads\/sites\/2\/2018\/06\/gruppe-2-in-sw-300x194.jpg\" alt=\"\" width=\"300\" height=\"194\" class=\"alignnone size-medium wp-image-142\" srcset=\"https:\/\/stussamfluss.de\/2018\/wp-content\/uploads\/sites\/2\/2018\/06\/gruppe-2-in-sw-300x194.jpg 300w, https:\/\/stussamfluss.de\/2018\/wp-content\/uploads\/sites\/2\/2018\/06\/gruppe-2-in-sw-768x496.jpg 768w, https:\/\/stussamfluss.de\/2018\/wp-content\/uploads\/sites\/2\/2018\/06\/gruppe-2-in-sw-1024x661.jpg 1024w, https:\/\/stussamfluss.de\/2018\/wp-content\/uploads\/sites\/2\/2018\/06\/gruppe-2-in-sw.jpg 1326w\" sizes=\"(max-width: 300px) 100vw, 300px\" \/><br \/>\n\u201eLari und die Pausenmusik\u201c \u2013 die vier Musiker aus dem Wedding sind wieder unterwegs!<br \/>\n\u201eLiebe, Schnaps und Revolution&#8220; hei\u00dft ihr Programm, mit dem Sie Caf\u00e9s, Kneipen und<br \/>\nClubs in Berlin und weit dar\u00fcber hinaus zum Beben und Schwingen bringen.<br \/>\nFeinste Kl\u00e4nge der E-Gitarre und mitrei\u00dfende Beats treffen auf freche Texte mit Inhalt.<br \/>\nHeraus kommt: \u201eLiedermaching \u2013 Akustik \u2013 Rock\u201c in einer spannenden und vielf\u00e4ltigen<br \/>\nForm!<br \/>\n\u201eLari und die Pausenmusik\u201c sind jung, politisch und so ganz anders als der ubliche Pop-<br \/>\nPopanz.<\/p>\n<p>http:\/\/www.lariunddiepausenmusik.de\/<\/p>\n<p><strong>Guerilla Grimm<\/strong><br \/>\n<img loading=\"lazy\" src=\"https:\/\/stussamfluss.de\/2018\/wp-content\/uploads\/sites\/2\/2018\/06\/a1733254978_10-300x300.jpg\" alt=\"\" width=\"300\" height=\"300\" class=\"alignnone size-medium wp-image-144\" srcset=\"https:\/\/stussamfluss.de\/2018\/wp-content\/uploads\/sites\/2\/2018\/06\/a1733254978_10-300x300.jpg 300w, https:\/\/stussamfluss.de\/2018\/wp-content\/uploads\/sites\/2\/2018\/06\/a1733254978_10-150x150.jpg 150w, https:\/\/stussamfluss.de\/2018\/wp-content\/uploads\/sites\/2\/2018\/06\/a1733254978_10-768x768.jpg 768w, https:\/\/stussamfluss.de\/2018\/wp-content\/uploads\/sites\/2\/2018\/06\/a1733254978_10-1024x1024.jpg 1024w, https:\/\/stussamfluss.de\/2018\/wp-content\/uploads\/sites\/2\/2018\/06\/a1733254978_10.jpg 1200w\" sizes=\"(max-width: 300px) 100vw, 300px\" \/><br \/>\nKonny und Alex, beide keine unbeschriebenen Bl\u00e4tter im linksradikalen Bereich des Liedermachens, machen nun bereits seit einiger Zeit gemeinsam Musik. Bewaffnet mit Kontrabass, Quetsche und Gitarre untermalen und beschreiben sie durch ihren Kleinkunztpunk den Widerstand gegen den kapitalistischen Normalzustand. Ob in der U-Bahn, auf dem Wagenplatz, im besetzten Haus, auf der Stra\u00dfe oder in der Kneipe nebenan &#8211; ihre Musik ist \u00fcberall und nirgends zuhause.<\/p>\n<p>https:\/\/konny-kleinkunstpunk.bandcamp.com\/album\/guerilla-grimm-folkstod-kleinkunstpunk<\/p>\n<p><strong>Nikaya<\/strong><br \/>\n<img loading=\"lazy\" src=\"https:\/\/stussamfluss.de\/2018\/wp-content\/uploads\/sites\/2\/2018\/06\/Nikaya-Band-\u00a9C4-2017-web-2-300x150.jpg\" alt=\"\" width=\"300\" height=\"150\" class=\"alignnone size-medium wp-image-147\" srcset=\"https:\/\/stussamfluss.de\/2018\/wp-content\/uploads\/sites\/2\/2018\/06\/Nikaya-Band-\u00a9C4-2017-web-2-300x150.jpg 300w, https:\/\/stussamfluss.de\/2018\/wp-content\/uploads\/sites\/2\/2018\/06\/Nikaya-Band-\u00a9C4-2017-web-2-768x384.jpg 768w, https:\/\/stussamfluss.de\/2018\/wp-content\/uploads\/sites\/2\/2018\/06\/Nikaya-Band-\u00a9C4-2017-web-2-1024x512.jpg 1024w, https:\/\/stussamfluss.de\/2018\/wp-content\/uploads\/sites\/2\/2018\/06\/Nikaya-Band-\u00a9C4-2017-web-2.jpg 1701w\" sizes=\"(max-width: 300px) 100vw, 300px\" \/><br \/>\nNIKAYA huldigen seit 2005 dem englischsprachigen Rock. Bandgr\u00fcnder Florian Kusch (voc, git), Julian Sch\u00fctte (drums) und Alex Holmig (bass), kreieren eine energetische Bricolage, die mit den letzten f\u00fcnf musikalischen Dekaden arbeitet. Egal ob Garage, Psychedelic, 70s Punk, ob Classic oder Kraut. Jeder Gig ist wie ein Tanz mit dem Teufel, der sich ohrenbet\u00e4ubend ins Leben schmei\u00dft und dabei vor allem eines haben m\u00f6chte: Spa\u00df.<\/p>\n<p>http:\/\/www.nikaya.org\/<\/p>\n<p><strong>Majofran<\/strong><br \/>\n<img loading=\"lazy\" src=\"https:\/\/stussamfluss.de\/2018\/wp-content\/uploads\/sites\/2\/2018\/06\/Pressebild-2018klein-300x131.jpg\" alt=\"\" width=\"300\" height=\"131\" class=\"alignnone size-medium wp-image-145\" srcset=\"https:\/\/stussamfluss.de\/2018\/wp-content\/uploads\/sites\/2\/2018\/06\/Pressebild-2018klein-300x131.jpg 300w, https:\/\/stussamfluss.de\/2018\/wp-content\/uploads\/sites\/2\/2018\/06\/Pressebild-2018klein-768x335.jpg 768w, https:\/\/stussamfluss.de\/2018\/wp-content\/uploads\/sites\/2\/2018\/06\/Pressebild-2018klein.jpg 898w\" sizes=\"(max-width: 300px) 100vw, 300px\" \/><br \/>\nDie 4 jungen Musiker aus Weimar lassen den Funk wieder aufleben. Mit schrillen Keyboardmelodien, fetzigen Discobeats, treibenden Gitarrenriffs, funky Saxophonlicks und einer Stimme mit den besten Einfl\u00fcssen von Tom Waits und James Brown schaffen sie es immer wieder, das Publikum mit ausschlie\u00dflich eigenen Songs zum Toben zu bringen. Funk verbindet sich hier mit Electroswing, Jazz, Latin und Disco-Offbeat zu einem unwiderstehlichen Tanzhybriden. Da bleibt kein Shirt trocken!<\/p>\n<p>www.majofran.de<\/p>\n<p><strong>Mr. Pinc<\/strong><br \/>\n<img loading=\"lazy\" src=\"https:\/\/stussamfluss.de\/2018\/wp-content\/uploads\/sites\/2\/2018\/07\/Mr-Pinc-Stuss-am-Fluss-300x288.jpg\" alt=\"\" width=\"300\" height=\"288\" class=\"alignnone size-medium wp-image-206\" srcset=\"https:\/\/stussamfluss.de\/2018\/wp-content\/uploads\/sites\/2\/2018\/07\/Mr-Pinc-Stuss-am-Fluss-300x288.jpg 300w, https:\/\/stussamfluss.de\/2018\/wp-content\/uploads\/sites\/2\/2018\/07\/Mr-Pinc-Stuss-am-Fluss-768x737.jpg 768w, https:\/\/stussamfluss.de\/2018\/wp-content\/uploads\/sites\/2\/2018\/07\/Mr-Pinc-Stuss-am-Fluss-1024x982.jpg 1024w, https:\/\/stussamfluss.de\/2018\/wp-content\/uploads\/sites\/2\/2018\/07\/Mr-Pinc-Stuss-am-Fluss.jpg 1836w\" sizes=\"(max-width: 300px) 100vw, 300px\" \/><br \/>\nDer Rap von Mr Pinc bewegt sich zumeist auf einer sozialkritischen Ebene, ist von philosophischen Aspekten, abseitigen Blickwinkeln und nicht zuletzt immer auch selbstkritischen Reflexionen durchdrungen. Die dazugeh\u00f6rigen Beats entstehen sowohl in Eigenproduktion als auch in der Beatschmiede von Kelle. Somit erwartet euch eine abwechslungsreiche Mischung aus klassischen HipHop-Beats und experimentellen Sounds, die von von brachial und nach vorne gehend bis hin zu ruhig und besinnlich ein breites Spektrum abdeckt.<\/p>\n<p>https:\/\/www.facebook.com\/mrpincrap\/<\/p>\n<p><strong>Drowning Dog and Malatesta<\/strong><br \/>\n<img loading=\"lazy\" src=\"https:\/\/stussamfluss.de\/2018\/wp-content\/uploads\/sites\/2\/2018\/06\/35077151_1664151986965289_7435124920985583616_o-300x225.jpg\" alt=\"\" width=\"300\" height=\"225\" class=\"alignnone size-medium wp-image-182\" srcset=\"https:\/\/stussamfluss.de\/2018\/wp-content\/uploads\/sites\/2\/2018\/06\/35077151_1664151986965289_7435124920985583616_o-300x225.jpg 300w, https:\/\/stussamfluss.de\/2018\/wp-content\/uploads\/sites\/2\/2018\/06\/35077151_1664151986965289_7435124920985583616_o-768x576.jpg 768w, https:\/\/stussamfluss.de\/2018\/wp-content\/uploads\/sites\/2\/2018\/06\/35077151_1664151986965289_7435124920985583616_o-1024x768.jpg 1024w, https:\/\/stussamfluss.de\/2018\/wp-content\/uploads\/sites\/2\/2018\/06\/35077151_1664151986965289_7435124920985583616_o.jpg 1280w\" sizes=\"(max-width: 300px) 100vw, 300px\" \/><br \/>\nDrowning Dog and Malatesta schaffen einen eigenen Sound aus elektro- und basslastigen Beats und aggressivem, knackigem und politischem Rap. Ihr Beginn lag in San Francisco, nun sind sie schon seit einigen Jahren in Europa anzutreffen. Noch immer touren sie jedoch auf 2 Kontinenten. Und es k\u00f6nnten mehr werden, denn ihre Musik legt nicht allzu viel Wert auf Grenzen &#8211; eher garkeinen.<\/p>\n<p>https:\/\/drowningdogandmalatesta.bandcamp.com\/<\/p>\n<p><strong>Abandoned Dogs<\/strong><br \/>\n<img loading=\"lazy\" src=\"https:\/\/stussamfluss.de\/2018\/wp-content\/uploads\/sites\/2\/2018\/06\/avatars-000293791536-95hi29-t500x500-300x300.jpg\" alt=\"\" width=\"300\" height=\"300\" class=\"alignnone size-medium wp-image-181\" srcset=\"https:\/\/stussamfluss.de\/2018\/wp-content\/uploads\/sites\/2\/2018\/06\/avatars-000293791536-95hi29-t500x500-300x300.jpg 300w, https:\/\/stussamfluss.de\/2018\/wp-content\/uploads\/sites\/2\/2018\/06\/avatars-000293791536-95hi29-t500x500-150x150.jpg 150w, https:\/\/stussamfluss.de\/2018\/wp-content\/uploads\/sites\/2\/2018\/06\/avatars-000293791536-95hi29-t500x500.jpg 500w\" sizes=\"(max-width: 300px) 100vw, 300px\" \/><br \/>\n\u201eAbandoned Dogs\u201c gelingt der Drahtseilakt: Sie sind Artisten mit au\u00dfergew\u00f6hnlicher Balance, spielen Garage Rock mit einem Hauch von Finesse. Sie sind Streuner, auf dem Weg durch den Alltag und die Fantasie. Ruhelos, vielf\u00e4ltig, stets mit der Gitarre in der Hand. Ihre Songs beginnen mit sanften Melodien, die dann ordentlich durchgesch\u00fcttelt werden.<br \/>\nLeise T\u00f6ne, gemischt mit Sandpapier. Ein langsamer Rhythmus wechselt sich mit hektischem Beat ab, wird durch die raue Stimme des S\u00e4ngers erg\u00e4nzt. Die Band versteht es, gleichzeitig zum Tr\u00e4umen und zum Tanzen einzuladen. Immer ein paar Meter \u00fcber dem Sicherheitsnetz.<\/p>\n<p>http:\/\/abandoned-dogs.de\/<\/p>\n<p><strong>Holy locust<\/strong><br \/>\n<img loading=\"lazy\" src=\"https:\/\/stussamfluss.de\/2018\/wp-content\/uploads\/sites\/2\/2018\/06\/30713393_1538659652909591_3370647014860652544_o-300x201.jpg\" alt=\"\" width=\"300\" height=\"201\" class=\"alignnone size-medium wp-image-198\" srcset=\"https:\/\/stussamfluss.de\/2018\/wp-content\/uploads\/sites\/2\/2018\/06\/30713393_1538659652909591_3370647014860652544_o-300x201.jpg 300w, https:\/\/stussamfluss.de\/2018\/wp-content\/uploads\/sites\/2\/2018\/06\/30713393_1538659652909591_3370647014860652544_o-768x514.jpg 768w, https:\/\/stussamfluss.de\/2018\/wp-content\/uploads\/sites\/2\/2018\/06\/30713393_1538659652909591_3370647014860652544_o-1024x685.jpg 1024w, https:\/\/stussamfluss.de\/2018\/wp-content\/uploads\/sites\/2\/2018\/06\/30713393_1538659652909591_3370647014860652544_o.jpg 2048w\" sizes=\"(max-width: 300px) 100vw, 300px\" \/><br \/>\nLange schon fl\u00fcgge geworden, aus ihren H\u00e4usern abgezwitschert und in den Myriaden der weltlichen Abenteuer abgest\u00fcrzt, verk\u00f6rpern Holy Locust einen Sound des gez\u00fcgelten Chaos. \u00dcberall von Stra\u00dfenecken in Mexiko bis zu irischen Pubs transportieren sie eine festnietende Kollaboration aus Akkustikpunk, New Orleans Jazz und traditionellem Folk.<\/p>\n<p>https:\/\/holylocust.bandcamp.com\/releases<\/p>\n<p><strong>Protokumpel<\/strong><br \/>\n<img loading=\"lazy\" src=\"https:\/\/stussamfluss.de\/2018\/wp-content\/uploads\/sites\/2\/2018\/06\/garbage_collector_fail-300x150.jpg\" alt=\"\" width=\"300\" height=\"150\" class=\"alignnone size-medium wp-image-183\" srcset=\"https:\/\/stussamfluss.de\/2018\/wp-content\/uploads\/sites\/2\/2018\/06\/garbage_collector_fail-300x150.jpg 300w, https:\/\/stussamfluss.de\/2018\/wp-content\/uploads\/sites\/2\/2018\/06\/garbage_collector_fail.jpg 470w\" sizes=\"(max-width: 300px) 100vw, 300px\" \/><br \/>\nIn protokumpel vereinen sich hauptstadtr\u00fcpelei und liebe zum provinziellen ich. zwischen berlin und leeden (nrw) zocken tim phonic und Logan Zufall angezerrte 8-bit snares f\u00fcr eine bessere welt. mangel an adrenalin kann man ihnen ebensowenig nachsagen wie \u00fcbertriebene sensibilit\u00e4t angesichts der \u201eumst\u00e4nde\u201c. w\u00e4hrend sie sich gegenseitig sinister und stets feierbereit \u201edurch restberlin schubsen\u201c, um herrgottnochmal blo\u00df niemals still zu stehen, fragt man sich, w\u00e4hrend der eigene allerwerteste mit 140 BPM \u00fcber den tanzboden schubbert, ob der grobmotorische elektropunk von protokumpel nicht vielleicht auf einer metaebene auch als sozialkritik funktioniert. keine angst, im n\u00e4chsten moment verwirft man derartige gedanken, denn \u201edas system muss weg\u201c nimmt einem das denken ab. affirmativ as fuck schallt es aus den subwoofern des landes: protokumpel for president. \u201esonst sind wir alle futschikato!\u201c<\/p>\n<div class=\"responsive-video\"><a href=\"https:\/\/protokumpel.wordpress.com\/\">news<\/a><\/div>\n<p><strong>Yellow Banana Gang<\/strong><br \/>\n<img loading=\"lazy\" src=\"https:\/\/stussamfluss.de\/2018\/wp-content\/uploads\/sites\/2\/2018\/06\/26239464_170576197034719_8416503120583791519_n-300x300.png\" alt=\"\" width=\"300\" height=\"300\" class=\"alignnone size-medium wp-image-184\" srcset=\"https:\/\/stussamfluss.de\/2018\/wp-content\/uploads\/sites\/2\/2018\/06\/26239464_170576197034719_8416503120583791519_n-300x300.png 300w, https:\/\/stussamfluss.de\/2018\/wp-content\/uploads\/sites\/2\/2018\/06\/26239464_170576197034719_8416503120583791519_n-150x150.png 150w, https:\/\/stussamfluss.de\/2018\/wp-content\/uploads\/sites\/2\/2018\/06\/26239464_170576197034719_8416503120583791519_n.png 590w\" sizes=\"(max-width: 300px) 100vw, 300px\" \/><br \/>\nDie YBG ist eine Rapcrew, die nun eine neue Wortfabrik in Berlin-Lichtenberg errichtet hat. Hier wird feinster Hip-Hop produziert, in so vielen Geschmacksrichtungen, dass f\u00fcr jeden etwas dabei ist! Wir, das sind SevSemillia, The Dude, Senor, Neycha, Ben-G und Mc Uwe. Ab und an sind auch unsere Homies JO2, Jouls und Jesus One f\u00fcr freshe Collabos am Stizzl.<\/p>\n<p>https:\/\/www.facebook.com\/ybgberlin\/<\/p>\n<p><strong>Luke<\/strong><br \/>\n<img loading=\"lazy\" src=\"https:\/\/stussamfluss.de\/2018\/wp-content\/uploads\/sites\/2\/2018\/06\/27655335_343317309482431_5464687890024932298_n-300x300.jpg\" alt=\"\" width=\"300\" height=\"300\" class=\"alignnone size-medium wp-image-199\" srcset=\"https:\/\/stussamfluss.de\/2018\/wp-content\/uploads\/sites\/2\/2018\/06\/27655335_343317309482431_5464687890024932298_n-300x300.jpg 300w, https:\/\/stussamfluss.de\/2018\/wp-content\/uploads\/sites\/2\/2018\/06\/27655335_343317309482431_5464687890024932298_n-150x150.jpg 150w, https:\/\/stussamfluss.de\/2018\/wp-content\/uploads\/sites\/2\/2018\/06\/27655335_343317309482431_5464687890024932298_n-768x768.jpg 768w, https:\/\/stussamfluss.de\/2018\/wp-content\/uploads\/sites\/2\/2018\/06\/27655335_343317309482431_5464687890024932298_n.jpg 960w\" sizes=\"(max-width: 300px) 100vw, 300px\" \/><br \/>\nEiner unserer Locals. Eine Gitarre, ein cooler Dude und eine Stimme, die selbstgeschriebene, aber auch gecoverte Songs spielt. In seinen Songs setzt er sich mit sich selbst und seinen Gef\u00fchlen auseinander, kommentiert aber auch sozialkritisch, was er um sich herum sieht. Meistens gesungen, h\u00e4ufig gerapt, l\u00e4dt seine Musik zum ruhigen Zuh\u00f6ren und Nachdenken ein.<\/p>\n<p><strong><br \/>\n&#8230;und last but not least wird es jede Menge \u00dcberraschungen von Grind- \u00fcber Post- bis Hardcore am Nordkapp geben. Bleibt zappelig!<\/strong><\/p>\n","protected":false},"excerpt":{"rendered":"<p>Hier findet ihr alle Acts, die unsere Hauptb\u00fchne und das Chekov bezaubern werden. Ein-zwei Kombos kommen noch dazu, seid excited! Das is von der Awesomeness her schon echt heftig hier! Stixonspeed STIXONSPEED ist das neue Action-Drum&#038;Bass Projekt des Berliner Jungle-Drummers<\/p>\n","protected":false},"author":2,"featured_media":0,"parent":0,"menu_order":0,"comment_status":"closed","ping_status":"closed","template":"","meta":[],"_links":{"self":[{"href":"https:\/\/stussamfluss.de\/2018\/wp-json\/wp\/v2\/pages\/24"}],"collection":[{"href":"https:\/\/stussamfluss.de\/2018\/wp-json\/wp\/v2\/pages"}],"about":[{"href":"https:\/\/stussamfluss.de\/2018\/wp-json\/wp\/v2\/types\/page"}],"author":[{"embeddable":true,"href":"https:\/\/stussamfluss.de\/2018\/wp-json\/wp\/v2\/users\/2"}],"replies":[{"embeddable":true,"href":"https:\/\/stussamfluss.de\/2018\/wp-json\/wp\/v2\/comments?post=24"}],"version-history":[{"count":18,"href":"https:\/\/stussamfluss.de\/2018\/wp-json\/wp\/v2\/pages\/24\/revisions"}],"predecessor-version":[{"id":235,"href":"https:\/\/stussamfluss.de\/2018\/wp-json\/wp\/v2\/pages\/24\/revisions\/235"}],"wp:attachment":[{"href":"https:\/\/stussamfluss.de\/2018\/wp-json\/wp\/v2\/media?parent=24"}],"curies":[{"name":"wp","href":"https:\/\/api.w.org\/{rel}","templated":true}]}}