{"id":28,"date":"2018-05-14T11:24:50","date_gmt":"2018-05-14T09:24:50","guid":{"rendered":"https:\/\/stussamfluss.de\/?page_id=28"},"modified":"2019-05-14T23:22:03","modified_gmt":"2019-05-14T21:22:03","slug":"das-rahmenprogramm-2","status":"publish","type":"page","link":"https:\/\/stussamfluss.de\/2018\/das-rahmenprogramm-2\/","title":{"rendered":"Das Rahmenprogramm"},"content":{"rendered":"<p>Auch wenn&#8217;s bei uns sch\u00f6n stussig zugeht, wollen wir kein inhaltsleeres Konsum-Festival sein. Deshalb bieten wir euch auch ein wenig Futter f\u00fcr&#8217;s Hirn und M\u00f6glichkeiten zur Selbstbeteiligung anhand von Workshops, einem Filmzelt und einigen anderen \u00dcberraschungen.<\/p>\n<p>Das genaue Programm mit den Zeiten und genauen Inhalten bekommt ihr bald hier und auf dem Festivalgel\u00e4nde mitgeteilt. Folgendes wird dabei sein:<\/p>\n<p>* ein Theater-Improvisationsworkshop mit Rabota Karoshi<\/p>\n<p>* ein Sprechcaf\u00e9 mit der Freiwilligenagentur Cottbus<\/p>\n<p>* ein Grafittiworkshop<\/p>\n<p>* eine Kunstausstellungswand<\/p>\n<p>* ein Filmzelt<\/p>\n<p>* ein Workshop zum Thema Menschenrechte mit Amnesty International<\/p>\n<p>* das gro\u00dfe Viva con Agua-Flo\u00dfrennen<\/p>\n<p><a href=\"https:\/\/stussamfluss.de\/2018\/workshops\/\">Hier gehts zur Workshopbeschreibung<\/a><\/p>\n<p>&#8230; und vielleicht auch noch einiges mehr!<\/p>\n","protected":false},"excerpt":{"rendered":"<p>Auch wenn&#8217;s bei uns sch\u00f6n stussig zugeht, wollen wir kein inhaltsleeres Konsum-Festival sein. Deshalb bieten wir euch auch ein wenig Futter f\u00fcr&#8217;s Hirn und M\u00f6glichkeiten zur Selbstbeteiligung anhand von Workshops, einem Filmzelt und einigen anderen \u00dcberraschungen. Das genaue Programm mit<\/p>\n","protected":false},"author":2,"featured_media":0,"parent":0,"menu_order":0,"comment_status":"closed","ping_status":"closed","template":"","meta":[],"_links":{"self":[{"href":"https:\/\/stussamfluss.de\/2018\/wp-json\/wp\/v2\/pages\/28"}],"collection":[{"href":"https:\/\/stussamfluss.de\/2018\/wp-json\/wp\/v2\/pages"}],"about":[{"href":"https:\/\/stussamfluss.de\/2018\/wp-json\/wp\/v2\/types\/page"}],"author":[{"embeddable":true,"href":"https:\/\/stussamfluss.de\/2018\/wp-json\/wp\/v2\/users\/2"}],"replies":[{"embeddable":true,"href":"https:\/\/stussamfluss.de\/2018\/wp-json\/wp\/v2\/comments?post=28"}],"version-history":[{"count":9,"href":"https:\/\/stussamfluss.de\/2018\/wp-json\/wp\/v2\/pages\/28\/revisions"}],"predecessor-version":[{"id":236,"href":"https:\/\/stussamfluss.de\/2018\/wp-json\/wp\/v2\/pages\/28\/revisions\/236"}],"wp:attachment":[{"href":"https:\/\/stussamfluss.de\/2018\/wp-json\/wp\/v2\/media?parent=28"}],"curies":[{"name":"wp","href":"https:\/\/api.w.org\/{rel}","templated":true}]}}