{"id":28,"date":"2018-05-14T11:24:50","date_gmt":"2018-05-14T09:24:50","guid":{"rendered":"https:\/\/stussamfluss.de\/?page_id=28"},"modified":"2019-08-19T17:26:40","modified_gmt":"2019-08-19T15:26:40","slug":"das-rahmenprogramm-2","status":"publish","type":"page","link":"https:\/\/stussamfluss.de\/2019\/das-rahmenprogramm-2\/","title":{"rendered":"Das Rahmenprogramm"},"content":{"rendered":"<p>Auch wenn&#8217;s bei uns sch\u00f6n stussig zugeht, wollen wir kein inhaltsleeres Konsum-Festival sein. Deshalb bieten wir euch auch ein wenig Futter f\u00fcr&#8217;s Hirn und M\u00f6glichkeiten zur Selbstbeteiligung anhand von Workshops, Filmvorf\u00fchrungen und einigen anderen \u00dcberraschungen.<\/p>\n<p>Das alles wird bei uns dieses Jahr im Workshopzelt stattfinden.<\/p>\n<p>Das genaue Programm mit den Zeiten und Inhalten bekommt ihr auf dem Festivalgel\u00e4nde mitgeteilt.<\/p>\n","protected":false},"excerpt":{"rendered":"<p>Auch wenn&#8217;s bei uns sch\u00f6n stussig zugeht, wollen wir kein inhaltsleeres Konsum-Festival sein. Deshalb bieten wir euch auch ein wenig Futter f\u00fcr&#8217;s Hirn und M\u00f6glichkeiten zur Selbstbeteiligung anhand von Workshops, Filmvorf\u00fchrungen und einigen anderen \u00dcberraschungen. Das alles wird bei uns<\/p>\n","protected":false},"author":2,"featured_media":0,"parent":0,"menu_order":0,"comment_status":"closed","ping_status":"closed","template":"","meta":[],"_links":{"self":[{"href":"https:\/\/stussamfluss.de\/2019\/wp-json\/wp\/v2\/pages\/28"}],"collection":[{"href":"https:\/\/stussamfluss.de\/2019\/wp-json\/wp\/v2\/pages"}],"about":[{"href":"https:\/\/stussamfluss.de\/2019\/wp-json\/wp\/v2\/types\/page"}],"author":[{"embeddable":true,"href":"https:\/\/stussamfluss.de\/2019\/wp-json\/wp\/v2\/users\/2"}],"replies":[{"embeddable":true,"href":"https:\/\/stussamfluss.de\/2019\/wp-json\/wp\/v2\/comments?post=28"}],"version-history":[{"count":11,"href":"https:\/\/stussamfluss.de\/2019\/wp-json\/wp\/v2\/pages\/28\/revisions"}],"predecessor-version":[{"id":255,"href":"https:\/\/stussamfluss.de\/2019\/wp-json\/wp\/v2\/pages\/28\/revisions\/255"}],"wp:attachment":[{"href":"https:\/\/stussamfluss.de\/2019\/wp-json\/wp\/v2\/media?parent=28"}],"curies":[{"name":"wp","href":"https:\/\/api.w.org\/{rel}","templated":true}]}}