{"id":29,"date":"2021-07-14T01:04:42","date_gmt":"2021-07-13T23:04:42","guid":{"rendered":"https:\/\/stussamfluss.de\/2021\/?page_id=29"},"modified":"2021-07-19T23:57:07","modified_gmt":"2021-07-19T21:57:07","slug":"anfahrt","status":"publish","type":"page","link":"https:\/\/stussamfluss.de\/2021\/anfahrt\/","title":{"rendered":"Anfahrt"},"content":{"rendered":"\n<p>Am dritten Teich hinten links lang, dann \u00d6ffies.<\/p>\n\n\n\n<p>Strombad, Stromstra\u00dfe 14, 03046 Cottbus<\/p>\n\n\n\n<p>Parkpl\u00e4tze sind in 3 Fu\u00dfminuten Entfernung vorhanden. Wenn ihr zelten wollt, meldet euch bitte unter info@stussamfluss.de an, da unser Platz begrenzt ist.<\/p>\n\n\n\n<figure class=\"wp-block-image size-large\"><img loading=\"lazy\" width=\"756\" height=\"946\" src=\"https:\/\/stussamfluss.de\/2021\/wp-content\/uploads\/sites\/6\/2021\/07\/karte-saf1-1.png\" alt=\"\" class=\"wp-image-42\" srcset=\"https:\/\/stussamfluss.de\/2021\/wp-content\/uploads\/sites\/6\/2021\/07\/karte-saf1-1.png 756w, https:\/\/stussamfluss.de\/2021\/wp-content\/uploads\/sites\/6\/2021\/07\/karte-saf1-1-240x300.png 240w\" sizes=\"(max-width: 756px) 100vw, 756px\" \/><\/figure>\n","protected":false},"excerpt":{"rendered":"<p>Am dritten Teich hinten links lang, dann \u00d6ffies. Strombad, Stromstra\u00dfe 14, 03046 Cottbus Parkpl\u00e4tze sind in 3 Fu\u00dfminuten Entfernung vorhanden. Wenn ihr zelten wollt, meldet euch bitte unter info@stussamfluss.de an, da unser Platz begrenzt ist.<\/p>\n","protected":false},"author":2,"featured_media":0,"parent":0,"menu_order":0,"comment_status":"closed","ping_status":"closed","template":"","meta":[],"_links":{"self":[{"href":"https:\/\/stussamfluss.de\/2021\/wp-json\/wp\/v2\/pages\/29"}],"collection":[{"href":"https:\/\/stussamfluss.de\/2021\/wp-json\/wp\/v2\/pages"}],"about":[{"href":"https:\/\/stussamfluss.de\/2021\/wp-json\/wp\/v2\/types\/page"}],"author":[{"embeddable":true,"href":"https:\/\/stussamfluss.de\/2021\/wp-json\/wp\/v2\/users\/2"}],"replies":[{"embeddable":true,"href":"https:\/\/stussamfluss.de\/2021\/wp-json\/wp\/v2\/comments?post=29"}],"version-history":[{"count":3,"href":"https:\/\/stussamfluss.de\/2021\/wp-json\/wp\/v2\/pages\/29\/revisions"}],"predecessor-version":[{"id":43,"href":"https:\/\/stussamfluss.de\/2021\/wp-json\/wp\/v2\/pages\/29\/revisions\/43"}],"wp:attachment":[{"href":"https:\/\/stussamfluss.de\/2021\/wp-json\/wp\/v2\/media?parent=29"}],"curies":[{"name":"wp","href":"https:\/\/api.w.org\/{rel}","templated":true}]}}