{"id":38,"date":"2021-07-19T23:50:25","date_gmt":"2021-07-19T21:50:25","guid":{"rendered":"https:\/\/stussamfluss.de\/2021\/?page_id=38"},"modified":"2021-07-19T23:50:25","modified_gmt":"2021-07-19T21:50:25","slug":"die-idee-dahinter","status":"publish","type":"page","link":"https:\/\/stussamfluss.de\/2021\/die-idee-dahinter\/","title":{"rendered":"Die Idee dahinter"},"content":{"rendered":"\n<p>3 Vereine und zahlreiche Unterst\u00fctzer:Innen wollten ein Sommer-Festival der ganz besonderen Art veranstalten. Als am <a rel=\"noreferrer noopener\" href=\"http:\/\/www.muggefug.de\/?event=20-jahre-mucheze\" target=\"_blank\">06.09.2014<\/a> der Studierendenclub <a rel=\"noreferrer noopener\" href=\"https:\/\/stussamfluss2016.wordpress.com\/2016\/03\/05\/muggefug\/\" target=\"_blank\">Muggefug e.V.<\/a>, der st\u00e4dtische Jugendclub <a href=\"https:\/\/www.facebook.com\/Chekov.Cottbus\/\">Chekov<\/a> und der &#8222;Verein f\u00fcr ein multikulturelles Europa&#8220; e.V., der Tr\u00e4gerverein des Hausprojekts <a href=\"http:\/\/zelle79.blogspot.de\/\">Zelle 79<\/a>, zusammen ihren jeweils <a rel=\"noreferrer noopener\" href=\"http:\/\/www.muggefug.de\/wp-content\/uploads\/2014\/07\/plakat-affen-mit-schrift.jpg\" target=\"_blank\">20. Geburtstag<\/a> feierten, gelang dies mit dem <em><a rel=\"noreferrer noopener\" href=\"http:\/\/www.muggefug.de\/wp-content\/uploads\/2014\/07\/Flyer-MuCheZe-ohne-Rand-mittel1.jpg\" target=\"_blank\">MuCheZe <\/a><\/em>das erste Mal. \u00dcber 600 Leute aus Cottbus und Umgebung feierten einen Tag und eine Nacht ausgelassen zusammen und verst\u00e4ndigten sich bald danach auf eine Wiederholung. So geschehen im September 2015, dieses mal als \u201e<a rel=\"noreferrer noopener\" href=\"https:\/\/www.facebook.com\/events\/1465852150376572\" target=\"_blank\">Stuss am Fluss<\/a>\u201c getarnt und unter dem Motto \u201eMit Sinn, den niemand Verstand\u201c. Jahre sp\u00e4ter fanden wir zu unserem idealen, den Spirit auf den Punkt bringenden Motto: &#8222;Nonsens ist Konsens&#8220;!<\/p>\n\n\n\n<p>Seitdem wurde sich jedes Jahr wieder gesagt: das hat so gefetzt, das machen wir nochmal! Wir werden wieder alle Urlaub, Schwei\u00df und Nerven investieren. <a rel=\"noreferrer noopener\" href=\"https:\/\/stussamfluss2016.wordpress.com\/category\/kooperationspartner\/\" target=\"_blank\">Zahlreiche Vereine und Gruppen der Stadt Cottbus<\/a> haben bereits ihre aktive Unterst\u00fctzung unterst\u00fctzen uns. Es soll wieder zahlreiche St\u00e4nde mit verschiedensten Workshops geben. Dazu sind informative Vortr\u00e4ge, Workshops und Filme geplant. Feinste vegan \/ vegetarische Verpflegung wird gesichert sein. Beschallt wird mensch von Live-Musik und DJ_anes, die gekonnt die H\u00e4lfte aller Noten dieser Welt halbwegs abdecken. Es wird also wieder ein Sause f\u00fcr alle. Non-kommerziell und auf Spendenbasis, aber mit Bespa\u00dfung f\u00fcr alle zwischen 0 und 99.<\/p>\n","protected":false},"excerpt":{"rendered":"<p>3 Vereine und zahlreiche Unterst\u00fctzer:Innen wollten ein Sommer-Festival der ganz besonderen Art veranstalten. Als am 06.09.2014 der Studierendenclub Muggefug e.V., der st\u00e4dtische Jugendclub Chekov und der &#8222;Verein f\u00fcr ein multikulturelles Europa&#8220; e.V., der Tr\u00e4gerverein des Hausprojekts Zelle 79, zusammen ihren<\/p>\n","protected":false},"author":2,"featured_media":0,"parent":0,"menu_order":0,"comment_status":"closed","ping_status":"closed","template":"","meta":[],"_links":{"self":[{"href":"https:\/\/stussamfluss.de\/2021\/wp-json\/wp\/v2\/pages\/38"}],"collection":[{"href":"https:\/\/stussamfluss.de\/2021\/wp-json\/wp\/v2\/pages"}],"about":[{"href":"https:\/\/stussamfluss.de\/2021\/wp-json\/wp\/v2\/types\/page"}],"author":[{"embeddable":true,"href":"https:\/\/stussamfluss.de\/2021\/wp-json\/wp\/v2\/users\/2"}],"replies":[{"embeddable":true,"href":"https:\/\/stussamfluss.de\/2021\/wp-json\/wp\/v2\/comments?post=38"}],"version-history":[{"count":1,"href":"https:\/\/stussamfluss.de\/2021\/wp-json\/wp\/v2\/pages\/38\/revisions"}],"predecessor-version":[{"id":39,"href":"https:\/\/stussamfluss.de\/2021\/wp-json\/wp\/v2\/pages\/38\/revisions\/39"}],"wp:attachment":[{"href":"https:\/\/stussamfluss.de\/2021\/wp-json\/wp\/v2\/media?parent=38"}],"curies":[{"name":"wp","href":"https:\/\/api.w.org\/{rel}","templated":true}]}}